{"id":4813,"date":"2017-12-20T08:40:53","date_gmt":"2017-12-20T08:40:53","guid":{"rendered":"http:\/\/demo2.drfuri.com\/martfury12\/?page_id=2042"},"modified":"2017-12-20T08:40:53","modified_gmt":"2017-12-20T08:40:53","slug":"order-tracking-3","status":"publish","type":"page","link":"https:\/\/www.capazs.com\/?page_id=4813","title":{"rendered":"Order Tracking"},"content":{"rendered":"\t\t<div data-elementor-type=\"wp-post\" data-elementor-id=\"4813\" class=\"elementor elementor-4813\">\n\t\t\t\t\t\t<section class=\"elementor-section elementor-top-section elementor-element elementor-element-50227d31 elementor-section-boxed elementor-section-height-default elementor-section-height-default\" data-id=\"50227d31\" data-element_type=\"section\" data-e-type=\"section\">\n\t\t\t\t\t\t<div class=\"elementor-container elementor-column-gap-default\">\n\t\t\t\t\t<div class=\"elementor-column elementor-col-33 elementor-top-column elementor-element elementor-element-385bcf5c\" data-id=\"385bcf5c\" data-element_type=\"column\" data-e-type=\"column\">\n\t\t\t<div class=\"elementor-widget-wrap\">\n\t\t\t\t\t\t\t<\/div>\n\t\t<\/div>\n\t\t\t\t<div class=\"elementor-column elementor-col-33 elementor-top-column elementor-element elementor-element-69432e7b\" data-id=\"69432e7b\" data-element_type=\"column\" data-e-type=\"column\">\n\t\t\t<div class=\"elementor-widget-wrap elementor-element-populated\">\n\t\t\t\t\t\t<div class=\"elementor-element elementor-element-21c5a903 elementor-widget elementor-widget-shortcode\" data-id=\"21c5a903\" data-element_type=\"widget\" data-e-type=\"widget\" data-widget_type=\"shortcode.default\">\n\t\t\t\t\t\t\t<div class=\"elementor-shortcode\"><div class=\"woocommerce\">\n<form action=\"https:\/\/www.capazs.com\/?page_id=4813\" method=\"post\" class=\"woocommerce-form woocommerce-form-track-order track_order\">\n\n\t\n\t<p>Para acompanhar o seu pedido, digite o ID do pedido na caixa abaixo e pressione o bot\u00e3o &quot;Rastrear&quot;. O ID do pedido foi informado em sua fatura e est\u00e1 no e-mail de confirma\u00e7\u00e3o que voc\u00ea deve ter recebido.<\/p>\n\n\t<p class=\"form-row form-row-first\"><label for=\"orderid\">ID do pedido<\/label> <input class=\"input-text\" type=\"text\" name=\"orderid\" id=\"orderid\" value=\"\" placeholder=\"Encontrado no seu e-mail de confirma\u00e7\u00e3o do pedido.\" \/><\/p>\t<p class=\"form-row form-row-last\"><label for=\"order_email\">E-mail de cobran\u00e7a<\/label> <input class=\"input-text\" type=\"text\" name=\"order_email\" id=\"order_email\" value=\"\" placeholder=\"E-mail utilizado durante a finaliza\u00e7\u00e3o de compra.\" \/><\/p>\t<div class=\"clear\"><\/div>\n\n\t\n\t<p class=\"form-row\"><button type=\"submit\" class=\"button\" name=\"track\" value=\"Rastrear\">Rastrear<\/button><\/p>\n\t<input type=\"hidden\" id=\"woocommerce-order-tracking-nonce\" name=\"woocommerce-order-tracking-nonce\" value=\"fa0c718a4d\" \/><input type=\"hidden\" name=\"_wp_http_referer\" value=\"\/index.php?rest_route=%2Fwp%2Fv2%2Fpages%2F4813\" \/>\n\t\n<\/form>\n<\/div><\/div>\n\t\t\t\t\t\t<\/div>\n\t\t\t\t\t<\/div>\n\t\t<\/div>\n\t\t\t\t<div class=\"elementor-column elementor-col-33 elementor-top-column elementor-element elementor-element-5741843e\" data-id=\"5741843e\" data-element_type=\"column\" data-e-type=\"column\">\n\t\t\t<div class=\"elementor-widget-wrap\">\n\t\t\t\t\t\t\t<\/div>\n\t\t<\/div>\n\t\t\t\t\t<\/div>\n\t\t<\/section>\n\t\t\t\t<\/div>\n\t\t","protected":false},"excerpt":{"rendered":"Para acompanhar o seu pedido, digite o ID do pedido na caixa abaixo e pressione o bot\u00e3o &quot;Rastrear&quot;. O ID do pedido foi informado em sua fatura e est\u00e1 no e-mail de confirma\u00e7\u00e3o que voc\u00ea deve ter recebido. ID do pedido E-mail de cobran\u00e7a Rastrear","protected":false},"author":1,"featured_media":0,"parent":0,"menu_order":0,"comment_status":"closed","ping_status":"closed","template":"","meta":{"rs_blank_template":"","rs_page_bg_color":"","slide_template_v7":"","_monsterinsights_skip_tracking":false,"_monsterinsights_sitenote_active":false,"_monsterinsights_sitenote_note":"","_monsterinsights_sitenote_category":0,"footnotes":""},"class_list":["post-4813","page","type-page","status-publish","hentry"],"aioseo_notices":[],"_links":{"self":[{"href":"https:\/\/www.capazs.com\/index.php?rest_route=\/wp\/v2\/pages\/4813","targetHints":{"allow":["GET"]}}],"collection":[{"href":"https:\/\/www.capazs.com\/index.php?rest_route=\/wp\/v2\/pages"}],"about":[{"href":"https:\/\/www.capazs.com\/index.php?rest_route=\/wp\/v2\/types\/page"}],"author":[{"embeddable":true,"href":"https:\/\/www.capazs.com\/index.php?rest_route=\/wp\/v2\/users\/1"}],"replies":[{"embeddable":true,"href":"https:\/\/www.capazs.com\/index.php?rest_route=%2Fwp%2Fv2%2Fcomments&post=4813"}],"version-history":[{"count":0,"href":"https:\/\/www.capazs.com\/index.php?rest_route=\/wp\/v2\/pages\/4813\/revisions"}],"wp:attachment":[{"href":"https:\/\/www.capazs.com\/index.php?rest_route=%2Fwp%2Fv2%2Fmedia&parent=4813"}],"curies":[{"name":"wp","href":"https:\/\/api.w.org\/{rel}","templated":true}]}}